{"id":363,"date":"2025-11-03T18:39:34","date_gmt":"2025-11-03T17:39:34","guid":{"rendered":"https:\/\/cwalegal.es\/team-lawyers\/"},"modified":"2026-05-04T19:32:41","modified_gmt":"2026-05-04T17:32:41","slug":"team-lawyers","status":"publish","type":"page","link":"https:\/\/cwalegal.es\/en\/team-lawyers\/","title":{"rendered":"Legal team"},"content":{"rendered":"<p>[et_pb_section fb_built=&#8221;1&#8243; admin_label=&#8221;Header&#8221; _builder_version=&#8221;4.27.4&#8243; _module_preset=&#8221;default&#8221; background_enable_image=&#8221;off&#8221; background_video_mp4=&#8221;https:\/\/cwalegal.es\/wp-content\/uploads\/2025\/10\/abogados-manos-inmobiliario.mp4&#8243; background_video_width=&#8221;100%&#8221; custom_padding=&#8221;||76px|||&#8221; locked=&#8221;off&#8221; collapsed=&#8221;on&#8221; global_colors_info=&#8221;{%22gcid-9fa4a1b6-767d-41ca-984c-a6f10449c843%22:%91%22background_color_gradient_stops%22%93}&#8221;][et_pb_row _builder_version=&#8221;4.27.4&#8243; _module_preset=&#8221;default&#8221; global_colors_info=&#8221;{}&#8221;][et_pb_column type=&#8221;4_4&#8243; _builder_version=&#8221;4.20.0&#8243; _module_preset=&#8221;default&#8221; global_colors_info=&#8221;{}&#8221;][et_pb_text _builder_version=&#8221;4.27.4&#8243; _module_preset=&#8221;_initial&#8221; header_font=&#8221;|600||on|||||&#8221; header_text_color=&#8221;#FFFFFF&#8221; header_font_size=&#8221;53px&#8221; header_line_height=&#8221;1.2em&#8221; text_orientation=&#8221;center&#8221; custom_margin=&#8221;||10px|||&#8221; header_font_size_tablet=&#8221;40px&#8221; header_font_size_phone=&#8221;24px&#8221; header_font_size_last_edited=&#8221;on|desktop&#8221; global_colors_info=&#8221;{}&#8221;]<\/p>\n<h1> Meet our team<\/h1>\n<p>[\/et_pb_text][et_pb_image src=&#8221;https:\/\/cwalegal.es\/wp-content\/uploads\/2025\/08\/attorney-1.png&#8221; title_text=&#8221;attorney-1&#8243; _builder_version=&#8221;4.20.0&#8243; _module_preset=&#8221;default&#8221; max_width=&#8221;130px&#8221; module_alignment=&#8221;center&#8221; global_colors_info=&#8221;{}&#8221;][\/et_pb_image][et_pb_text _builder_version=&#8221;4.27.4&#8243; _module_preset=&#8221;_initial&#8221; text_font=&#8221;|700|||||||&#8221; header_font=&#8221;|||on|||||&#8221; header_text_color=&#8221;#FFFFFF&#8221; header_font_size=&#8221;21px&#8221; header_4_font=&#8221;Roboto|700||on|||||&#8221; header_4_text_color=&#8221;gcid-2f3f3e09-0a26-4ea7-8906-5e1128945e3f&#8221; header_4_font_size=&#8221;14px&#8221; header_4_letter_spacing=&#8221;0.2em&#8221; header_4_line_height=&#8221;1.4em&#8221; text_orientation=&#8221;center&#8221; custom_margin=&#8221;||10px||false|false&#8221; global_colors_info=&#8221;{%22gcid-2f3f3e09-0a26-4ea7-8906-5e1128945e3f%22:%91%22header_4_text_color%22%93}&#8221;]<\/p>\n<h1>A team specialised in each area, focused on designing and implementing the perfect solution for you.<\/h1>\n<p>[\/et_pb_text][\/et_pb_column][\/et_pb_row][\/et_pb_section][et_pb_section fb_built=&#8221;1&#8243; admin_label=&#8221;Service Info&#8221; _builder_version=&#8221;4.27.4&#8243; _module_preset=&#8221;default&#8221; custom_margin=&#8221;-41px|||||&#8221; collapsed=&#8221;on&#8221; global_colors_info=&#8221;{%22gcid-9fa4a1b6-767d-41ca-984c-a6f10449c843%22:%91%22background_color%22%93}&#8221; background_color=&#8221;#FFFFFF&#8221;][et_pb_row column_structure=&#8221;1_2,1_2&#8243; custom_padding_last_edited=&#8221;on|desktop&#8221; _builder_version=&#8221;4.27.6&#8243; _module_preset=&#8221;default&#8221; max_width=&#8221;1363px&#8221; module_alignment=&#8221;center&#8221; custom_padding=&#8221;30px|60px|30px|60px|true|true&#8221; custom_padding_tablet=&#8221;|40px||40px|false|true&#8221; custom_padding_phone=&#8221;20px|20px|20px|20px|true|true&#8221; hover_enabled=&#8221;0&#8243; border_color_all=&#8221;#FFFFFF&#8221; border_width_left=&#8221;5px&#8221; global_colors_info=&#8221;{}&#8221; sticky_enabled=&#8221;0&#8243;][et_pb_column type=&#8221;1_2&#8243; _builder_version=&#8221;4.20.0&#8243; _module_preset=&#8221;default&#8221; global_colors_info=&#8221;{}&#8221;][et_pb_image src=&#8221;https:\/\/cwalegal.es\/wp-content\/uploads\/2025\/11\/javierdelacruz-cwalegal-600&#215;600-1.jpg&#8221; alt=&#8221;Javier De la Cruz Rodr\u00edguez &#8211; Managing Partner at CWA Legal&#8221; title_text=&#8221;Javier De la Cruz Rodr\u00edguez &#8211; Managing Partner at CWA Legal&#8221; align=&#8221;center&#8221; _builder_version=&#8221;4.27.4&#8243; _module_preset=&#8221;default&#8221; max_width=&#8221;50%&#8221; custom_padding=&#8221;||0px|||&#8221; border_radii=&#8221;on|180px|180px|180px|180px&#8221; global_colors_info=&#8221;{}&#8221; border_width_all=&#8221;2px&#8221; border_color_all=&#8221;#00778a&#8221;][\/et_pb_image][et_pb_text _builder_version=&#8221;4.27.4&#8243; _module_preset=&#8221;_initial&#8221; text_font=&#8221;|700|||||||&#8221; text_text_color=&#8221;#00778a&#8221; text_font_size=&#8221;18px&#8221; text_line_height=&#8221;1.8em&#8221; header_font=&#8221;|600|||||||&#8221; header_2_font=&#8221;|600||on|||||&#8221; header_2_text_color=&#8221;#00778a&#8221; text_orientation=&#8221;center&#8221; text_font_size_tablet=&#8221;15px&#8221; text_font_size_phone=&#8221;14px&#8221; text_font_size_last_edited=&#8221;on|desktop&#8221; global_colors_info=&#8221;{}&#8221; header_text_color=&#8221;#00778a&#8221;]<\/p>\n<h2><span>Javier De la Cruz Rodr\u00edguez<\/span><\/h2>\n<p><span>Managing Partner at CWA Legal<\/span><br \/>Lawyer responsible for the Commercial Law Department<\/p>\n<p>[\/et_pb_text][et_pb_text _builder_version=&#8221;4.27.4&#8243; _module_preset=&#8221;_initial&#8221; text_text_color=&#8221;#00778a&#8221; text_orientation=&#8221;center&#8221; global_colors_info=&#8221;{}&#8221; text_font=&#8221;|600|||||||&#8221;]<\/p>\n<p>Graduate in Law from the Complutense University of Madrid.<\/p>\n<p>Master&#8217;s Degree in Legal Advice for Businesses from the Centro de Estudios Garrigues.<\/p>\n<p>Master&#8217;s Degree in Corporate Compliance from the European University of Madrid.<\/p>\n<p>Member of the Board of Directors of several companies.<\/p>\n<p>[\/et_pb_text][et_pb_image src=&#8221;https:\/\/cwalegal.es\/wp-content\/uploads\/2025\/08\/cropped-imago-cwa-legal-1000-transparente.png&#8221; alt=&#8221;Icono CWA Legal&#8221; title_text=&#8221;Icono CWA Legal&#8221; align=&#8221;center&#8221; _builder_version=&#8221;4.27.6&#8243; _module_preset=&#8221;default&#8221; width=&#8221;8%&#8221; global_colors_info=&#8221;{}&#8221; locked=&#8221;off&#8221;][\/et_pb_image][\/et_pb_column][et_pb_column type=&#8221;1_2&#8243; _builder_version=&#8221;4.27.4&#8243; _module_preset=&#8221;default&#8221; global_colors_info=&#8221;{}&#8221;][et_pb_image src=&#8221;https:\/\/cwalegal.es\/wp-content\/uploads\/2025\/11\/carlosjimenezgarciahirschfeld-cwalegal-600&#215;600-1.jpg&#8221; alt=&#8221;Carlos Jim\u00e9nez Garc\u00eda-Hirschfeld &#8211; Civil Law Lawyer&#8221; title_text=&#8221;Carlos Jim\u00e9nez Garc\u00eda-Hirschfeld &#8211; Civil Law Lawyer&#8221; align=&#8221;center&#8221; _builder_version=&#8221;4.27.4&#8243; _module_preset=&#8221;default&#8221; max_width=&#8221;50%&#8221; custom_padding=&#8221;||0px|||&#8221; border_radii=&#8221;on|180px|180px|180px|180px&#8221; global_colors_info=&#8221;{}&#8221; border_width_all=&#8221;2px&#8221; border_color_all=&#8221;#00778a&#8221;][\/et_pb_image][et_pb_text _builder_version=&#8221;4.27.4&#8243; _module_preset=&#8221;_initial&#8221; text_font=&#8221;|700|||||||&#8221; text_text_color=&#8221;#00778a&#8221; text_font_size=&#8221;18px&#8221; text_line_height=&#8221;1.8em&#8221; header_font=&#8221;|600|||||||&#8221; header_2_font=&#8221;|600||on|||||&#8221; header_2_text_color=&#8221;#00778a&#8221; text_orientation=&#8221;center&#8221; text_font_size_tablet=&#8221;15px&#8221; text_font_size_phone=&#8221;14px&#8221; text_font_size_last_edited=&#8221;on|desktop&#8221; global_colors_info=&#8221;{}&#8221; header_text_color=&#8221;#00778a&#8221;]<\/p>\n<h2><span>Carlos Jim\u00e9nez Garc\u00eda-Hirschfeld<\/span><\/h2>\n<p><span>Partner<\/span><br \/><span>Lawyer specialized in Civil Litigation<\/span><\/p>\n<p>[\/et_pb_text][et_pb_text _builder_version=&#8221;4.27.4&#8243; _module_preset=&#8221;c539ca86-d04b-428e-9038-381cd91a8cf0&#8243; text_text_color=&#8221;#00778a&#8221; text_orientation=&#8221;center&#8221; global_colors_info=&#8221;{}&#8221; text_font=&#8221;|600|||||||&#8221;]<\/p>\n<p>Law Degree from the University of M\u00e1laga. He has also served as a faculty member at said Law School.<\/p>\n<p>Carlos is an expert in the automotive sector, providing recurring advice to companies in this industry.<\/p>\n<p>[\/et_pb_text][et_pb_image src=&#8221;https:\/\/cwalegal.es\/wp-content\/uploads\/2025\/08\/cropped-imago-cwa-legal-1000-transparente.png&#8221; alt=&#8221;Icono CWA Legal&#8221; title_text=&#8221;Icono CWA Legal&#8221; align=&#8221;center&#8221; _builder_version=&#8221;4.27.6&#8243; _module_preset=&#8221;default&#8221; width=&#8221;8%&#8221; global_colors_info=&#8221;{}&#8221; locked=&#8221;off&#8221;][\/et_pb_image][\/et_pb_column][\/et_pb_row][et_pb_row column_structure=&#8221;1_2,1_2&#8243; custom_padding_last_edited=&#8221;on|desktop&#8221; _builder_version=&#8221;4.27.6&#8243; _module_preset=&#8221;default&#8221; max_width=&#8221;1363px&#8221; module_alignment=&#8221;center&#8221; custom_padding=&#8221;30px|60px|30px|60px|true|true&#8221; custom_padding_tablet=&#8221;|40px||40px|false|true&#8221; custom_padding_phone=&#8221;20px|20px|20px|20px|true|true&#8221; hover_enabled=&#8221;0&#8243; border_color_all=&#8221;#FFFFFF&#8221; border_width_left=&#8221;5px&#8221; locked=&#8221;off&#8221; global_colors_info=&#8221;{}&#8221; sticky_enabled=&#8221;0&#8243;][et_pb_column type=&#8221;1_2&#8243; _builder_version=&#8221;4.20.0&#8243; _module_preset=&#8221;default&#8221; global_colors_info=&#8221;{}&#8221;][et_pb_text _builder_version=&#8221;4.27.4&#8243; _module_preset=&#8221;_initial&#8221; text_font=&#8221;|700|||||||&#8221; text_text_color=&#8221;#00778a&#8221; text_font_size=&#8221;18px&#8221; text_line_height=&#8221;1.8em&#8221; header_font=&#8221;|600|||||||&#8221; header_2_font=&#8221;|600||on|||||&#8221; header_2_text_color=&#8221;#00778a&#8221; text_orientation=&#8221;center&#8221; text_font_size_tablet=&#8221;15px&#8221; text_font_size_phone=&#8221;14px&#8221; text_font_size_last_edited=&#8221;on|desktop&#8221; global_colors_info=&#8221;{}&#8221; header_text_color=&#8221;#00778a&#8221;]<\/p>\n<h2><span>Guillermo Smerdou G\u00e1mez<\/span><\/h2>\n<p><span>Partner<\/span> <br \/><span>Lawyer specialized in Criminal Litigation<\/span><\/p>\n<p>[\/et_pb_text][et_pb_text _builder_version=&#8221;4.27.4&#8243; _module_preset=&#8221;c539ca86-d04b-428e-9038-381cd91a8cf0&#8243; text_text_color=&#8221;#00778a&#8221; text_orientation=&#8221;center&#8221; global_colors_info=&#8221;{}&#8221; text_font=&#8221;|600|||||||&#8221;]<\/p>\n<p>Law Degree from the University of Granada.<\/p>\n<p>In his extensive career, Guillermo has advised clients of significant national impact.<\/p>\n<p>[\/et_pb_text][et_pb_image src=&#8221;https:\/\/cwalegal.es\/wp-content\/uploads\/2025\/08\/cropped-imago-cwa-legal-1000-transparente.png&#8221; alt=&#8221;Icono CWA Legal&#8221; title_text=&#8221;Icono CWA Legal&#8221; align=&#8221;center&#8221; _builder_version=&#8221;4.27.6&#8243; _module_preset=&#8221;default&#8221; width=&#8221;8%&#8221; global_colors_info=&#8221;{}&#8221; locked=&#8221;off&#8221;][\/et_pb_image][\/et_pb_column][et_pb_column type=&#8221;1_2&#8243; _builder_version=&#8221;4.20.0&#8243; _module_preset=&#8221;default&#8221; global_colors_info=&#8221;{}&#8221;][et_pb_text _builder_version=&#8221;4.27.4&#8243; _module_preset=&#8221;_initial&#8221; text_font=&#8221;|700|||||||&#8221; text_text_color=&#8221;#00778a&#8221; text_font_size=&#8221;18px&#8221; text_line_height=&#8221;1.8em&#8221; header_font=&#8221;|600|||||||&#8221; header_2_font=&#8221;|600||on|||||&#8221; header_2_text_color=&#8221;#00778a&#8221; text_orientation=&#8221;center&#8221; text_font_size_tablet=&#8221;15px&#8221; text_font_size_phone=&#8221;14px&#8221; text_font_size_last_edited=&#8221;on|desktop&#8221; global_colors_info=&#8221;{}&#8221; header_text_color=&#8221;#00778a&#8221;]<\/p>\n<h2><span>Gema Amada Mart\u00edn Rosa<\/span><\/h2>\n<p><span>Court Attorney<\/span><\/p>\n<p>[\/et_pb_text][et_pb_text _builder_version=&#8221;4.27.4&#8243; _module_preset=&#8221;c539ca86-d04b-428e-9038-381cd91a8cf0&#8243; text_text_color=&#8221;#00778a&#8221; text_orientation=&#8221;center&#8221; global_colors_info=&#8221;{}&#8221; text_font=&#8221;|600|||||||&#8221;]<\/p>\n<p>Represents before the Courts in the province of M\u00e1laga.<\/p>\n<p>She also works in other judicial districts outside the province of M\u00e1laga, thus providing nationwide coverage.<\/p>\n<p>[\/et_pb_text][et_pb_image src=&#8221;https:\/\/cwalegal.es\/wp-content\/uploads\/2025\/08\/cropped-imago-cwa-legal-1000-transparente.png&#8221; alt=&#8221;Icono CWA Legal&#8221; title_text=&#8221;Icono CWA Legal&#8221; align=&#8221;center&#8221; _builder_version=&#8221;4.27.6&#8243; _module_preset=&#8221;default&#8221; width=&#8221;8%&#8221; global_colors_info=&#8221;{}&#8221; locked=&#8221;off&#8221;][\/et_pb_image][\/et_pb_column][\/et_pb_row][\/et_pb_section][et_pb_section fb_built=&#8221;1&#8243; admin_label=&#8221;Footer&#8221; _builder_version=&#8221;4.27.4&#8243; _module_preset=&#8221;default&#8221; background_color=&#8221;#000000&#8243; background_enable_image=&#8221;off&#8221; saved_tabs=&#8221;all&#8221; collapsed=&#8221;on&#8221; global_colors_info=&#8221;{}&#8221;][et_pb_row column_structure=&#8221;1_3,1_3,1_3&#8243; _builder_version=&#8221;4.27.4&#8243; _module_preset=&#8221;default&#8221; global_colors_info=&#8221;{}&#8221;][et_pb_column type=&#8221;1_3&#8243; _builder_version=&#8221;4.20.0&#8243; _module_preset=&#8221;default&#8221; global_colors_info=&#8221;{}&#8221;][et_pb_text _builder_version=&#8221;4.27.4&#8243; _module_preset=&#8221;2d06a3d2-79a4-4ddc-b54e-878fa97e8692&#8243; header_font=&#8221;|||on|||||&#8221; header_4_font=&#8221;|700||on|||||&#8221; text_orientation=&#8221;center&#8221; global_colors_info=&#8221;{%22gcid-11d3dbbb-f6dc-4fb8-929b-9d6994368d00%22:%91%22header_4_text_color%22%93}&#8221;]<\/p>\n<h4>Office hours<\/h4>\n<p>[\/et_pb_text][et_pb_text _builder_version=&#8221;4.27.4&#8243; _module_preset=&#8221;c539ca86-d04b-428e-9038-381cd91a8cf0&#8243; text_text_color=&#8221;#FFFFFF&#8221; text_orientation=&#8221;center&#8221; custom_margin=&#8221;||10px||false|false&#8221; global_colors_info=&#8221;{}&#8221;]<\/p>\n<p>Monday to Thursday: 9:00 am &#8211; 7:00 pm<br \/>Friday: 9:00 am &#8211; 3:00 pm<\/p>\n<p>[\/et_pb_text][\/et_pb_column][et_pb_column type=&#8221;1_3&#8243; _builder_version=&#8221;4.20.0&#8243; _module_preset=&#8221;default&#8221; global_colors_info=&#8221;{}&#8221;][et_pb_text _builder_version=&#8221;4.27.4&#8243; _module_preset=&#8221;2d06a3d2-79a4-4ddc-b54e-878fa97e8692&#8243; header_4_font=&#8221;|700||on|||||&#8221; text_orientation=&#8221;center&#8221; locked=&#8221;off&#8221; global_colors_info=&#8221;{%22gcid-11d3dbbb-f6dc-4fb8-929b-9d6994368d00%22:%91%22header_4_text_color%22%93}&#8221;]<\/p>\n<h4>Contact<\/h4>\n<p>[\/et_pb_text][et_pb_text _builder_version=&#8221;4.27.4&#8243; _module_preset=&#8221;c539ca86-d04b-428e-9038-381cd91a8cf0&#8243; text_text_color=&#8221;#FFFFFF&#8221; link_text_color=&#8221;#FFFFFF&#8221; text_orientation=&#8221;center&#8221; custom_margin=&#8221;||10px||false|false&#8221; locked=&#8221;off&#8221; global_colors_info=&#8221;{}&#8221;]<\/p>\n<p><a href=\"tel:+34658271001\" target=\"_blank\" rel=\"noopener\">(+34) 658 27 10 01<\/a><\/p>\n<p>[\/et_pb_text][et_pb_text _builder_version=&#8221;4.27.4&#8243; _module_preset=&#8221;c539ca86-d04b-428e-9038-381cd91a8cf0&#8243; text_text_color=&#8221;#FFFFFF&#8221; link_text_color=&#8221;#FFFFFF&#8221; text_orientation=&#8221;center&#8221; custom_margin=&#8221;||10px||false|false&#8221; locked=&#8221;off&#8221; global_colors_info=&#8221;{}&#8221;]<\/p>\n<p><a href=\"tel:+34602064505\" target=\"_blank\" rel=\"noopener\">(+34) 602 06 45 05<\/a><\/p>\n<p>[\/et_pb_text][et_pb_text _builder_version=&#8221;4.27.4&#8243; _module_preset=&#8221;c539ca86-d04b-428e-9038-381cd91a8cf0&#8243; text_text_color=&#8221;#FFFFFF&#8221; link_text_color=&#8221;#FFFFFF&#8221; text_orientation=&#8221;center&#8221; custom_margin=&#8221;||10px||false|false&#8221; locked=&#8221;off&#8221; global_colors_info=&#8221;{}&#8221;]<\/p>\n<p><a href=\"mailto:despacho@cwalegal.es\" target=\"_blank\" rel=\"noopener\">despacho@cwalegal.es<\/a><\/p>\n<p>[\/et_pb_text][\/et_pb_column][et_pb_column type=&#8221;1_3&#8243; _builder_version=&#8221;4.27.4&#8243; _module_preset=&#8221;default&#8221; global_colors_info=&#8221;{}&#8221;][et_pb_text _builder_version=&#8221;4.27.4&#8243; _module_preset=&#8221;2d06a3d2-79a4-4ddc-b54e-878fa97e8692&#8243; header_font=&#8221;|||on|||||&#8221; header_4_font=&#8221;|700||on|||||&#8221; text_orientation=&#8221;center&#8221; global_colors_info=&#8221;{%22gcid-11d3dbbb-f6dc-4fb8-929b-9d6994368d00%22:%91%22header_4_text_color%22%93}&#8221;]<\/p>\n<h4>Headquarters<\/h4>\n<p>[\/et_pb_text][et_pb_text _builder_version=&#8221;4.27.4&#8243; _module_preset=&#8221;c539ca86-d04b-428e-9038-381cd91a8cf0&#8243; text_text_color=&#8221;#FFFFFF&#8221; link_text_color=&#8221;#FFFFFF&#8221; text_orientation=&#8221;center&#8221; locked=&#8221;off&#8221; global_colors_info=&#8221;{}&#8221;]<\/p>\n<p>Alameda de Col\u00f3n, 16. <br \/>Ground floor. Office 9.<br \/>M\u00e1laga (Spain)<\/p>\n<p>[\/et_pb_text][et_pb_text _builder_version=&#8221;4.27.4&#8243; _module_preset=&#8221;2d06a3d2-79a4-4ddc-b54e-878fa97e8692&#8243; header_font=&#8221;|||on|||||&#8221; header_4_font=&#8221;|700||on|||||&#8221; text_orientation=&#8221;center&#8221; global_colors_info=&#8221;{%22gcid-11d3dbbb-f6dc-4fb8-929b-9d6994368d00%22:%91%22header_4_text_color%22%93}&#8221;]<\/p>\n<h4>Other offices<\/h4>\n<p>[\/et_pb_text][et_pb_text _builder_version=&#8221;4.27.4&#8243; _module_preset=&#8221;c539ca86-d04b-428e-9038-381cd91a8cf0&#8243; text_text_color=&#8221;#FFFFFF&#8221; link_text_color=&#8221;#FFFFFF&#8221; text_orientation=&#8221;center&#8221; locked=&#8221;off&#8221; global_colors_info=&#8221;{}&#8221;]<\/p>\n<p>Marbella &#8211; Nerja &#8211; Castell\u00f3n &#8211; Madrid<\/p>\n<p>[\/et_pb_text][\/et_pb_column][\/et_pb_row][\/et_pb_section]<\/p>\n","protected":false},"excerpt":{"rendered":"<p>Meet our teamA team specialised in each area, focused on designing and implementing the perfect solution for you.Javier De la Cruz Rodr\u00edguez Managing Partner at CWA LegalLawyer responsible for the Commercial Law DepartmentGraduate in Law from the Complutense University of Madrid. Master&#8217;s Degree in Legal Advice for Businesses from the Centro de Estudios Garrigues. Master&#8217;s [&hellip;]<\/p>\n","protected":false},"author":1,"featured_media":0,"parent":0,"menu_order":0,"comment_status":"closed","ping_status":"closed","template":"","meta":{"_et_pb_use_builder":"on","_et_pb_old_content":"","_et_gb_content_width":"","footnotes":""},"class_list":["post-363","page","type-page","status-publish","hentry"],"aioseo_notices":[],"_links":{"self":[{"href":"https:\/\/cwalegal.es\/en\/wp-json\/wp\/v2\/pages\/363","targetHints":{"allow":["GET"]}}],"collection":[{"href":"https:\/\/cwalegal.es\/en\/wp-json\/wp\/v2\/pages"}],"about":[{"href":"https:\/\/cwalegal.es\/en\/wp-json\/wp\/v2\/types\/page"}],"author":[{"embeddable":true,"href":"https:\/\/cwalegal.es\/en\/wp-json\/wp\/v2\/users\/1"}],"replies":[{"embeddable":true,"href":"https:\/\/cwalegal.es\/en\/wp-json\/wp\/v2\/comments?post=363"}],"version-history":[{"count":5,"href":"https:\/\/cwalegal.es\/en\/wp-json\/wp\/v2\/pages\/363\/revisions"}],"predecessor-version":[{"id":534,"href":"https:\/\/cwalegal.es\/en\/wp-json\/wp\/v2\/pages\/363\/revisions\/534"}],"wp:attachment":[{"href":"https:\/\/cwalegal.es\/en\/wp-json\/wp\/v2\/media?parent=363"}],"curies":[{"name":"wp","href":"https:\/\/api.w.org\/{rel}","templated":true}]}}